{"id":278537,"date":"2022-12-14T22:21:19","date_gmt":"2022-12-14T22:21:19","guid":{"rendered":"https:\/\/emperadorpropertiessocimi.com\/joan-cortes\/"},"modified":"2022-12-18T21:47:47","modified_gmt":"2022-12-18T21:47:47","slug":"joan-cortes","status":"publish","type":"page","link":"https:\/\/emperadorpropertiessocimi.com\/en\/joan-cortes\/","title":{"rendered":"Joan Cort\u00e9s Vilardell"},"content":{"rendered":"<p>[et_pb_section fb_built=&#8221;1&#8243; _builder_version=&#8221;4.19.2&#8243; _module_preset=&#8221;default&#8221; global_colors_info=&#8221;{}&#8221;][et_pb_row column_structure=&#8221;1_2,1_2&#8243; _builder_version=&#8221;4.19.2&#8243; _module_preset=&#8221;default&#8221; global_colors_info=&#8221;{}&#8221;][et_pb_column type=&#8221;1_2&#8243; _builder_version=&#8221;4.19.2&#8243; _module_preset=&#8221;default&#8221; global_colors_info=&#8221;{}&#8221;][et_pb_image src=&#8221;https:\/\/emperadorpropertiessocimi.com\/wp-content\/uploads\/2022\/12\/Joan-Cortes-2-scaled-1.jpg&#8221; title_text=&#8221;Joan-Cort\u00e9s-2&#8243; _builder_version=&#8221;4.19.2&#8243; _module_preset=&#8221;default&#8221; global_colors_info=&#8221;{}&#8221;][\/et_pb_image][\/et_pb_column][et_pb_column type=&#8221;1_2&#8243; _builder_version=&#8221;4.19.2&#8243; _module_preset=&#8221;default&#8221; global_colors_info=&#8221;{}&#8221;][et_pb_text _builder_version=&#8221;4.19.2&#8243; _module_preset=&#8221;default&#8221; text_font=&#8221;Source Serif Pro||||||||&#8221; text_text_color=&#8221;#004987&#8243; text_font_size=&#8221;32px&#8221; global_colors_info=&#8221;{}&#8221;]<\/p>\n<p>Joan Cort\u00e9s Vilardell<\/p>\n<p>[\/et_pb_text][et_pb_text _builder_version=&#8221;4.19.2&#8243; _module_preset=&#8221;default&#8221; text_font=&#8221;Source Serif Pro||||||||&#8221; text_text_color=&#8221;#004987&#8243; global_colors_info=&#8221;{}&#8221;]<\/p>\n<p>Mr. Mr. Cort\u00e9s holds a degree in Business Administration and Management, a degree from IESE&#8217;s General Management Program (PDG) and is a Certified Public Accountant (ROAC).<\/p>\n<p>He has been an external auditor in multinationals, specializing in the Transactions M&amp;A department, before becoming Financial Controller at NH Hotels and later Director of Administration at Stage Entertainment Spain, one of the main European groups dedicated to live entertainment.<\/p>\n<p>  In 2013, he joined Grupo Emperador (GES), the Spanish investment conglomerate of Mr. Andrew Lim Tan, as Chief Financial and Operations Officer. Mr. Mr. Cort\u00e9s holds senior management positions in several Spanish companies controlled by Mr. Andrew Lim Tan. Since 2020 he has been CEO of Grupo Emperador Spain, as well as Director of Pedro Domecq Las Copas, S.A., since 2016, and of the Whyte &amp; McKay Group, since 2014, Mexican and Scottish sections of Grupo Emperador&#8217;s beverage division.<\/p>\n<p>  In addition to his position as Joint Managing Director of Emperador Properties, since 2021 he has been a director of Caleido Gesti\u00f3n S.L., the management company of the Torre Caleido project.<\/p>\n<p>[\/et_pb_text][\/et_pb_column][\/et_pb_row][et_pb_row column_structure=&#8221;1_3,1_3,1_3&#8243; _builder_version=&#8221;4.19.2&#8243; _module_preset=&#8221;default&#8221; positioning=&#8221;none&#8221; position_origin_a=&#8221;bottom_center&#8221; position_origin_f=&#8221;bottom_center&#8221; position_origin_r=&#8221;bottom_right&#8221; vertical_offset=&#8221;33px&#8221; custom_margin=&#8221;|||-5%|false|false&#8221; hover_transition_delay=&#8221;300ms&#8221; scroll_fade_enable=&#8221;on&#8221; scroll_fade=&#8221;0|50|50|100|100%|100|100&#8243; global_colors_info=&#8221;{}&#8221;][et_pb_column type=&#8221;1_3&#8243; _builder_version=&#8221;4.19.2&#8243; _module_preset=&#8221;default&#8221; global_colors_info=&#8221;{}&#8221;][et_pb_button button_url=&#8221;@ET-DC@eyJkeW5hbWljIjp0cnVlLCJjb250ZW50IjoicG9zdF9saW5rX3VybF9wYWdlIiwic2V0dGluZ3MiOnsicG9zdF9pZCI6IjI3ODU0MyJ9fQ==@&#8221; button_text=&#8221;Go back&#8221; button_alignment=&#8221;center&#8221; _builder_version=&#8221;4.19.2&#8243; _dynamic_attributes=&#8221;button_url&#8221; _module_preset=&#8221;default&#8221; custom_button=&#8221;on&#8221; button_text_size=&#8221;17px&#8221; button_text_color=&#8221;#FFFFFF&#8221; button_bg_color=&#8221;#004987&#8243; button_border_width=&#8221;0px&#8221; button_border_radius=&#8221;45px&#8221; button_icon=&#8221;&#x34;||divi||400&#8243; button_icon_placement=&#8221;left&#8221; hover_enabled=&#8221;0&#8243; box_shadow_style=&#8221;preset1&#8243; box_shadow_color=&#8221;#FFFFFF&#8221; global_colors_info=&#8221;{}&#8221; sticky_enabled=&#8221;0&#8243;][\/et_pb_button][\/et_pb_column][et_pb_column type=&#8221;1_3&#8243; _builder_version=&#8221;4.19.2&#8243; _module_preset=&#8221;default&#8221; global_colors_info=&#8221;{}&#8221;][\/et_pb_column][et_pb_column type=&#8221;1_3&#8243; _builder_version=&#8221;4.19.2&#8243; _module_preset=&#8221;default&#8221; global_colors_info=&#8221;{}&#8221;][\/et_pb_column][\/et_pb_row][\/et_pb_section]<\/p>\n","protected":false},"excerpt":{"rendered":"<p>Joan Cort\u00e9s VilardellMr. Mr. Cort\u00e9s holds a degree in Business Administration and Management, a degree from IESE&#8217;s General Management Program (PDG) and is a Certified Public Accountant (ROAC). He has been an external auditor in multinationals, specializing in the Transactions M&amp;A department, before becoming Financial Controller at NH Hotels and later Director of Administration at [&hellip;]<\/p>\n","protected":false},"author":2,"featured_media":0,"parent":0,"menu_order":0,"comment_status":"closed","ping_status":"closed","template":"","meta":{"_et_pb_use_builder":"on","_et_pb_old_content":"","_et_gb_content_width":"","footnotes":""},"difl_page_category":[],"class_list":["post-278537","page","type-page","status-publish","hentry"],"yoast_head":"<!-- This site is optimized with the Yoast SEO plugin v27.4 - https:\/\/yoast.com\/product\/yoast-seo-wordpress\/ -->\n<title>Joan Cort\u00e9s Vilardell - Emperador Properties Socimi<\/title>\n<meta name=\"robots\" content=\"index, follow, max-snippet:-1, max-image-preview:large, max-video-preview:-1\" \/>\n<link rel=\"canonical\" href=\"https:\/\/emperadorpropertiessocimi.com\/en\/joan-cortes\/\" \/>\n<meta property=\"og:locale\" content=\"en_US\" \/>\n<meta property=\"og:type\" content=\"article\" \/>\n<meta property=\"og:title\" content=\"Joan Cort\u00e9s Vilardell - Emperador Properties Socimi\" \/>\n<meta property=\"og:description\" content=\"Joan Cort\u00e9s VilardellMr. Mr. Cort\u00e9s holds a degree in Business Administration and Management, a degree from IESE&#039;s General Management Program (PDG) and is a Certified Public Accountant (ROAC). He has been an external auditor in multinationals, specializing in the Transactions M&amp;A department, before becoming Financial Controller at NH Hotels and later Director of Administration at [&hellip;]\" \/>\n<meta property=\"og:url\" content=\"https:\/\/emperadorpropertiessocimi.com\/en\/joan-cortes\/\" \/>\n<meta property=\"og:site_name\" content=\"Emperador Properties Socimi\" \/>\n<meta property=\"article:modified_time\" content=\"2022-12-18T21:47:47+00:00\" \/>\n<meta name=\"twitter:card\" content=\"summary_large_image\" \/>\n<meta name=\"twitter:label1\" content=\"Est. reading time\" \/>\n\t<meta name=\"twitter:data1\" content=\"3 minutes\" \/>\n<script type=\"application\/ld+json\" class=\"yoast-schema-graph\">{\"@context\":\"https:\\\/\\\/schema.org\",\"@graph\":[{\"@type\":\"WebPage\",\"@id\":\"https:\\\/\\\/emperadorpropertiessocimi.com\\\/en\\\/joan-cortes\\\/\",\"url\":\"https:\\\/\\\/emperadorpropertiessocimi.com\\\/en\\\/joan-cortes\\\/\",\"name\":\"Joan Cort\u00e9s Vilardell - Emperador Properties Socimi\",\"isPartOf\":{\"@id\":\"https:\\\/\\\/emperadorpropertiessocimi.com\\\/en\\\/#website\"},\"datePublished\":\"2022-12-14T22:21:19+00:00\",\"dateModified\":\"2022-12-18T21:47:47+00:00\",\"breadcrumb\":{\"@id\":\"https:\\\/\\\/emperadorpropertiessocimi.com\\\/en\\\/joan-cortes\\\/#breadcrumb\"},\"inLanguage\":\"en-US\",\"potentialAction\":[{\"@type\":\"ReadAction\",\"target\":[\"https:\\\/\\\/emperadorpropertiessocimi.com\\\/en\\\/joan-cortes\\\/\"]}]},{\"@type\":\"BreadcrumbList\",\"@id\":\"https:\\\/\\\/emperadorpropertiessocimi.com\\\/en\\\/joan-cortes\\\/#breadcrumb\",\"itemListElement\":[{\"@type\":\"ListItem\",\"position\":1,\"name\":\"Portada\",\"item\":\"https:\\\/\\\/emperadorpropertiessocimi.com\\\/en\\\/\"},{\"@type\":\"ListItem\",\"position\":2,\"name\":\"Joan Cort\u00e9s Vilardell\"}]},{\"@type\":\"WebSite\",\"@id\":\"https:\\\/\\\/emperadorpropertiessocimi.com\\\/en\\\/#website\",\"url\":\"https:\\\/\\\/emperadorpropertiessocimi.com\\\/en\\\/\",\"name\":\"Emperador Properties Socimi\",\"description\":\"\",\"potentialAction\":[{\"@type\":\"SearchAction\",\"target\":{\"@type\":\"EntryPoint\",\"urlTemplate\":\"https:\\\/\\\/emperadorpropertiessocimi.com\\\/en\\\/?s={search_term_string}\"},\"query-input\":{\"@type\":\"PropertyValueSpecification\",\"valueRequired\":true,\"valueName\":\"search_term_string\"}}],\"inLanguage\":\"en-US\"}]}<\/script>\n<!-- \/ Yoast SEO plugin. -->","yoast_head_json":{"title":"Joan Cort\u00e9s Vilardell - Emperador Properties Socimi","robots":{"index":"index","follow":"follow","max-snippet":"max-snippet:-1","max-image-preview":"max-image-preview:large","max-video-preview":"max-video-preview:-1"},"canonical":"https:\/\/emperadorpropertiessocimi.com\/en\/joan-cortes\/","og_locale":"en_US","og_type":"article","og_title":"Joan Cort\u00e9s Vilardell - Emperador Properties Socimi","og_description":"Joan Cort\u00e9s VilardellMr. Mr. Cort\u00e9s holds a degree in Business Administration and Management, a degree from IESE's General Management Program (PDG) and is a Certified Public Accountant (ROAC). He has been an external auditor in multinationals, specializing in the Transactions M&amp;A department, before becoming Financial Controller at NH Hotels and later Director of Administration at [&hellip;]","og_url":"https:\/\/emperadorpropertiessocimi.com\/en\/joan-cortes\/","og_site_name":"Emperador Properties Socimi","article_modified_time":"2022-12-18T21:47:47+00:00","twitter_card":"summary_large_image","twitter_misc":{"Est. reading time":"3 minutes"},"schema":{"@context":"https:\/\/schema.org","@graph":[{"@type":"WebPage","@id":"https:\/\/emperadorpropertiessocimi.com\/en\/joan-cortes\/","url":"https:\/\/emperadorpropertiessocimi.com\/en\/joan-cortes\/","name":"Joan Cort\u00e9s Vilardell - Emperador Properties Socimi","isPartOf":{"@id":"https:\/\/emperadorpropertiessocimi.com\/en\/#website"},"datePublished":"2022-12-14T22:21:19+00:00","dateModified":"2022-12-18T21:47:47+00:00","breadcrumb":{"@id":"https:\/\/emperadorpropertiessocimi.com\/en\/joan-cortes\/#breadcrumb"},"inLanguage":"en-US","potentialAction":[{"@type":"ReadAction","target":["https:\/\/emperadorpropertiessocimi.com\/en\/joan-cortes\/"]}]},{"@type":"BreadcrumbList","@id":"https:\/\/emperadorpropertiessocimi.com\/en\/joan-cortes\/#breadcrumb","itemListElement":[{"@type":"ListItem","position":1,"name":"Portada","item":"https:\/\/emperadorpropertiessocimi.com\/en\/"},{"@type":"ListItem","position":2,"name":"Joan Cort\u00e9s Vilardell"}]},{"@type":"WebSite","@id":"https:\/\/emperadorpropertiessocimi.com\/en\/#website","url":"https:\/\/emperadorpropertiessocimi.com\/en\/","name":"Emperador Properties Socimi","description":"","potentialAction":[{"@type":"SearchAction","target":{"@type":"EntryPoint","urlTemplate":"https:\/\/emperadorpropertiessocimi.com\/en\/?s={search_term_string}"},"query-input":{"@type":"PropertyValueSpecification","valueRequired":true,"valueName":"search_term_string"}}],"inLanguage":"en-US"}]}},"_links":{"self":[{"href":"https:\/\/emperadorpropertiessocimi.com\/en\/wp-json\/wp\/v2\/pages\/278537","targetHints":{"allow":["GET"]}}],"collection":[{"href":"https:\/\/emperadorpropertiessocimi.com\/en\/wp-json\/wp\/v2\/pages"}],"about":[{"href":"https:\/\/emperadorpropertiessocimi.com\/en\/wp-json\/wp\/v2\/types\/page"}],"author":[{"embeddable":true,"href":"https:\/\/emperadorpropertiessocimi.com\/en\/wp-json\/wp\/v2\/users\/2"}],"replies":[{"embeddable":true,"href":"https:\/\/emperadorpropertiessocimi.com\/en\/wp-json\/wp\/v2\/comments?post=278537"}],"version-history":[{"count":21,"href":"https:\/\/emperadorpropertiessocimi.com\/en\/wp-json\/wp\/v2\/pages\/278537\/revisions"}],"predecessor-version":[{"id":278869,"href":"https:\/\/emperadorpropertiessocimi.com\/en\/wp-json\/wp\/v2\/pages\/278537\/revisions\/278869"}],"wp:attachment":[{"href":"https:\/\/emperadorpropertiessocimi.com\/en\/wp-json\/wp\/v2\/media?parent=278537"}],"wp:term":[{"taxonomy":"difl_page_category","embeddable":true,"href":"https:\/\/emperadorpropertiessocimi.com\/en\/wp-json\/wp\/v2\/difl_page_category?post=278537"}],"curies":[{"name":"wp","href":"https:\/\/api.w.org\/{rel}","templated":true}]}}